{"id":794,"date":"2024-11-05T17:00:15","date_gmt":"2024-11-05T17:00:15","guid":{"rendered":"https:\/\/borkgroup.cl\/?page_id=794"},"modified":"2024-11-05T17:24:53","modified_gmt":"2024-11-05T17:24:53","slug":"climatizacion","status":"publish","type":"page","link":"https:\/\/borkgroup.cl\/index.php\/climatizacion\/","title":{"rendered":"Climatizaci\u00f3n"},"content":{"rendered":"\n<p>Ofrecemos soluciones integrales de climatizaci\u00f3n que garantizan el confort y bienestar en tu hogar o negocio durante todo el a\u00f1o.<\/p>\n\n\n\n<hr class=\"wp-block-separator has-alpha-channel-opacity is-style-wide\"\/>\n\n\n\n<p><strong>Venta de Sistemas de Climatizaci\u00f3n<\/strong><\/p>\n\n\n\n<p>Contamos con una amplia gama de sistemas de aire acondicionado dise\u00f1ados para adaptarse a las necesidades espec\u00edficas de cada cliente. Seleccionamos equipos de alta eficiencia energ\u00e9tica que proporcionan un ambiente confortable mientras ayudan a reducir los costos de energ\u00eda.<\/p>\n\n\n\n<div class=\"wp-block-media-text is-stacked-on-mobile\"><figure class=\"wp-block-media-text__media\"><img loading=\"lazy\" decoding=\"async\" width=\"435\" height=\"186\" src=\"https:\/\/borkgroup.cl\/wp-content\/uploads\/2024\/11\/aire.jpg\" alt=\"\" class=\"wp-image-796 size-full\" srcset=\"https:\/\/borkgroup.cl\/wp-content\/uploads\/2024\/11\/aire.jpg 435w, https:\/\/borkgroup.cl\/wp-content\/uploads\/2024\/11\/aire-300x128.jpg 300w\" sizes=\"auto, (max-width: 435px) 100vw, 435px\" \/><\/figure><div class=\"wp-block-media-text__content\">\n<p>Contamos con equipos de aire acondicionado con capacidades que van desde 9,000 hasta 24,000 BTU. Esto nos permite ofrecer soluciones adecuadas para cualquier tipo de espacio, ya sea peque\u00f1o, mediano o grande.<\/p>\n<\/div><\/div>\n\n\n\n<hr class=\"wp-block-separator has-alpha-channel-opacity is-style-wide\"\/>\n\n\n\n<p><strong>Instalaci\u00f3n<\/strong><\/p>\n\n\n\n<p>Contamos con servicio de instalaci\u00f3n de sistemas de climatizaci\u00f3n con la m\u00e1s alta calidad y profesionalismo.<\/p>\n\n\n\n<p><strong>Nuestro<\/strong> <strong>Servicio de Instalaci\u00f3n de Aire Acondicionado<\/strong><\/p>\n\n\n\n<p><strong>Incluye:<\/strong><\/p>\n\n\n\n<ol class=\"wp-block-list\">\n<li>Montaje de la unidad interior.<\/li>\n\n\n\n<li>Montaje de la unidad exterior (condensadora) en el piso.<\/li>\n\n\n\n<li>Perforaci\u00f3n de la pared (hasta 23 cm de espesor, ladrillo princesa).<\/li>\n\n\n\n<li>Desag\u00fce de la unidad interior por gravedad.<\/li>\n\n\n\n<li>Conexi\u00f3n el\u00e9ctrica hasta la toma de corriente m\u00e1s cercana (dentro de la habitaci\u00f3n, a la vista con canaleta blanca, o conduit, m\u00e1ximo 4 metros).<\/li>\n\n\n\n<li>Instalaci\u00f3n de ca\u00f1er\u00edas con aislaci\u00f3n t\u00e9rmica (hasta 4 metros de longitud).<\/li>\n\n\n\n<li>Puesta en marcha del equipo.<\/li>\n\n\n\n<li>Prueba de funcionamiento.<\/li>\n\n\n\n<li>Inducci\u00f3n para garantizar la correcta operaci\u00f3n del equipo.<\/li>\n<\/ol>\n\n\n\n<figure class=\"wp-block-gallery has-nested-images columns-default is-cropped wp-block-gallery-1 is-layout-flex wp-block-gallery-is-layout-flex\">\n<figure class=\"wp-block-image size-large\"><img loading=\"lazy\" decoding=\"async\" width=\"768\" height=\"1024\" data-id=\"802\" src=\"https:\/\/borkgroup.cl\/wp-content\/uploads\/2024\/11\/20240119_172023-768x1024.jpg\" alt=\"\" class=\"wp-image-802\" srcset=\"https:\/\/borkgroup.cl\/wp-content\/uploads\/2024\/11\/20240119_172023-768x1024.jpg 768w, https:\/\/borkgroup.cl\/wp-content\/uploads\/2024\/11\/20240119_172023-225x300.jpg 225w, https:\/\/borkgroup.cl\/wp-content\/uploads\/2024\/11\/20240119_172023-1152x1536.jpg 1152w, https:\/\/borkgroup.cl\/wp-content\/uploads\/2024\/11\/20240119_172023-1536x2048.jpg 1536w, https:\/\/borkgroup.cl\/wp-content\/uploads\/2024\/11\/20240119_172023-scaled.jpg 1920w\" sizes=\"auto, (max-width: 768px) 100vw, 768px\" \/><\/figure>\n\n\n\n<figure class=\"wp-block-image size-large\"><img loading=\"lazy\" decoding=\"async\" width=\"768\" height=\"1024\" data-id=\"800\" src=\"https:\/\/borkgroup.cl\/wp-content\/uploads\/2024\/11\/20240426_130016-1-768x1024.jpg\" alt=\"\" class=\"wp-image-800\" srcset=\"https:\/\/borkgroup.cl\/wp-content\/uploads\/2024\/11\/20240426_130016-1-768x1024.jpg 768w, https:\/\/borkgroup.cl\/wp-content\/uploads\/2024\/11\/20240426_130016-1-225x300.jpg 225w, https:\/\/borkgroup.cl\/wp-content\/uploads\/2024\/11\/20240426_130016-1-1152x1536.jpg 1152w, https:\/\/borkgroup.cl\/wp-content\/uploads\/2024\/11\/20240426_130016-1-1536x2048.jpg 1536w, https:\/\/borkgroup.cl\/wp-content\/uploads\/2024\/11\/20240426_130016-1-scaled.jpg 1920w\" sizes=\"auto, (max-width: 768px) 100vw, 768px\" \/><\/figure>\n\n\n\n<figure class=\"wp-block-image size-large\"><img loading=\"lazy\" decoding=\"async\" width=\"768\" height=\"1024\" data-id=\"801\" src=\"https:\/\/borkgroup.cl\/wp-content\/uploads\/2024\/11\/20240426_130037-768x1024.jpg\" alt=\"\" class=\"wp-image-801\" srcset=\"https:\/\/borkgroup.cl\/wp-content\/uploads\/2024\/11\/20240426_130037-768x1024.jpg 768w, https:\/\/borkgroup.cl\/wp-content\/uploads\/2024\/11\/20240426_130037-225x300.jpg 225w, https:\/\/borkgroup.cl\/wp-content\/uploads\/2024\/11\/20240426_130037-1152x1536.jpg 1152w, https:\/\/borkgroup.cl\/wp-content\/uploads\/2024\/11\/20240426_130037-1536x2048.jpg 1536w, https:\/\/borkgroup.cl\/wp-content\/uploads\/2024\/11\/20240426_130037-scaled.jpg 1920w\" sizes=\"auto, (max-width: 768px) 100vw, 768px\" \/><\/figure>\n<\/figure>\n\n\n\n<hr class=\"wp-block-separator has-alpha-channel-opacity is-style-wide\"\/>\n\n\n\n<p><strong>Mantenci\u00f3n<\/strong> <\/p>\n\n\n\n<p>Ofrecemos servicios de mantenci\u00f3n para garantizar que tu sistema de climatizaci\u00f3n funcione de manera \u00f3ptima durante todo el a\u00f1o. Nuestro servicio incluye limpieza, revisi\u00f3n, carga de gas y reparaci\u00f3n de sistemas de aire acondicionado, asegurando un ambiente saludable y confortable.<\/p>\n\n\n\n<figure class=\"wp-block-gallery has-nested-images columns-default is-cropped wp-block-gallery-2 is-layout-flex wp-block-gallery-is-layout-flex\">\n<figure class=\"wp-block-image size-large\"><img loading=\"lazy\" decoding=\"async\" width=\"736\" height=\"994\" data-id=\"804\" src=\"https:\/\/borkgroup.cl\/wp-content\/uploads\/2024\/11\/1.jpg\" alt=\"\" class=\"wp-image-804\" srcset=\"https:\/\/borkgroup.cl\/wp-content\/uploads\/2024\/11\/1.jpg 736w, https:\/\/borkgroup.cl\/wp-content\/uploads\/2024\/11\/1-222x300.jpg 222w\" sizes=\"auto, (max-width: 736px) 100vw, 736px\" \/><\/figure>\n\n\n\n<figure class=\"wp-block-image size-large\"><img loading=\"lazy\" decoding=\"async\" width=\"564\" height=\"564\" data-id=\"805\" src=\"https:\/\/borkgroup.cl\/wp-content\/uploads\/2024\/11\/2.jpg\" alt=\"\" class=\"wp-image-805\" srcset=\"https:\/\/borkgroup.cl\/wp-content\/uploads\/2024\/11\/2.jpg 564w, https:\/\/borkgroup.cl\/wp-content\/uploads\/2024\/11\/2-300x300.jpg 300w, https:\/\/borkgroup.cl\/wp-content\/uploads\/2024\/11\/2-150x150.jpg 150w\" sizes=\"auto, (max-width: 564px) 100vw, 564px\" \/><\/figure>\n\n\n\n<figure class=\"wp-block-image size-large\"><img loading=\"lazy\" decoding=\"async\" width=\"564\" height=\"564\" data-id=\"803\" src=\"https:\/\/borkgroup.cl\/wp-content\/uploads\/2024\/11\/3.jpg\" alt=\"\" class=\"wp-image-803\" srcset=\"https:\/\/borkgroup.cl\/wp-content\/uploads\/2024\/11\/3.jpg 564w, https:\/\/borkgroup.cl\/wp-content\/uploads\/2024\/11\/3-300x300.jpg 300w, https:\/\/borkgroup.cl\/wp-content\/uploads\/2024\/11\/3-150x150.jpg 150w\" sizes=\"auto, (max-width: 564px) 100vw, 564px\" \/><\/figure>\n<\/figure>\n\n\n\n<hr class=\"wp-block-separator has-alpha-channel-opacity is-style-wide\"\/>\n\n\n\n<p><strong>Venta de accesorios<\/strong><\/p>\n\n\n\n<figure class=\"wp-block-gallery has-nested-images columns-default is-cropped wp-block-gallery-3 is-layout-flex wp-block-gallery-is-layout-flex\">\n<figure class=\"wp-block-image size-large\"><img loading=\"lazy\" decoding=\"async\" width=\"430\" height=\"388\" data-id=\"808\" src=\"https:\/\/borkgroup.cl\/wp-content\/uploads\/2024\/11\/Soporte-teccho-aire.jpg\" alt=\"\" class=\"wp-image-808\" srcset=\"https:\/\/borkgroup.cl\/wp-content\/uploads\/2024\/11\/Soporte-teccho-aire.jpg 430w, https:\/\/borkgroup.cl\/wp-content\/uploads\/2024\/11\/Soporte-teccho-aire-300x271.jpg 300w\" sizes=\"auto, (max-width: 430px) 100vw, 430px\" \/><\/figure>\n\n\n\n<figure class=\"wp-block-image size-large\"><img loading=\"lazy\" decoding=\"async\" width=\"500\" height=\"500\" data-id=\"807\" src=\"https:\/\/borkgroup.cl\/wp-content\/uploads\/2024\/11\/Kit.jpg\" alt=\"\" class=\"wp-image-807\" srcset=\"https:\/\/borkgroup.cl\/wp-content\/uploads\/2024\/11\/Kit.jpg 500w, https:\/\/borkgroup.cl\/wp-content\/uploads\/2024\/11\/Kit-300x300.jpg 300w, https:\/\/borkgroup.cl\/wp-content\/uploads\/2024\/11\/Kit-150x150.jpg 150w\" sizes=\"auto, (max-width: 500px) 100vw, 500px\" \/><\/figure>\n\n\n\n<figure class=\"wp-block-image size-large\"><img loading=\"lazy\" decoding=\"async\" width=\"860\" height=\"1024\" data-id=\"809\" src=\"https:\/\/borkgroup.cl\/wp-content\/uploads\/2024\/11\/SOPORTE_CHICO-1-860x1024.png\" alt=\"\" class=\"wp-image-809\" srcset=\"https:\/\/borkgroup.cl\/wp-content\/uploads\/2024\/11\/SOPORTE_CHICO-1-860x1024.png 860w, https:\/\/borkgroup.cl\/wp-content\/uploads\/2024\/11\/SOPORTE_CHICO-1-252x300.png 252w, https:\/\/borkgroup.cl\/wp-content\/uploads\/2024\/11\/SOPORTE_CHICO-1-768x914.png 768w, https:\/\/borkgroup.cl\/wp-content\/uploads\/2024\/11\/SOPORTE_CHICO-1.png 945w\" sizes=\"auto, (max-width: 860px) 100vw, 860px\" \/><\/figure>\n<\/figure>\n","protected":false},"excerpt":{"rendered":"<p>Ofrecemos soluciones integrales de climatizaci\u00f3n que garantizan el confort y bienestar en tu hogar o [&hellip;]<\/p>\n","protected":false},"author":1,"featured_media":0,"parent":0,"menu_order":0,"comment_status":"closed","ping_status":"closed","template":"","meta":{"_joinchat":[],"footnotes":""},"class_list":["post-794","page","type-page","status-publish","hentry"],"_links":{"self":[{"href":"https:\/\/borkgroup.cl\/index.php\/wp-json\/wp\/v2\/pages\/794","targetHints":{"allow":["GET"]}}],"collection":[{"href":"https:\/\/borkgroup.cl\/index.php\/wp-json\/wp\/v2\/pages"}],"about":[{"href":"https:\/\/borkgroup.cl\/index.php\/wp-json\/wp\/v2\/types\/page"}],"author":[{"embeddable":true,"href":"https:\/\/borkgroup.cl\/index.php\/wp-json\/wp\/v2\/users\/1"}],"replies":[{"embeddable":true,"href":"https:\/\/borkgroup.cl\/index.php\/wp-json\/wp\/v2\/comments?post=794"}],"version-history":[{"count":3,"href":"https:\/\/borkgroup.cl\/index.php\/wp-json\/wp\/v2\/pages\/794\/revisions"}],"predecessor-version":[{"id":810,"href":"https:\/\/borkgroup.cl\/index.php\/wp-json\/wp\/v2\/pages\/794\/revisions\/810"}],"wp:attachment":[{"href":"https:\/\/borkgroup.cl\/index.php\/wp-json\/wp\/v2\/media?parent=794"}],"curies":[{"name":"wp","href":"https:\/\/api.w.org\/{rel}","templated":true}]}}