{"id":24,"date":"2022-03-23T02:33:35","date_gmt":"2022-03-23T02:33:35","guid":{"rendered":"https:\/\/borkgroup.cl\/?page_id=24"},"modified":"2024-11-05T16:48:13","modified_gmt":"2024-11-05T16:48:13","slug":"contacto","status":"publish","type":"page","link":"https:\/\/borkgroup.cl\/index.php\/contacto\/","title":{"rendered":"Muebles"},"content":{"rendered":"\n<p><strong>Creamos muebles a medida que se adaptan perfectamente a tus necesidades y estilo de vida.<\/strong><\/p>\n\n\n\n<p>Nos especializamos en la fabricaci\u00f3n de muebles personalizados, dise\u00f1ados espec\u00edficamente para satisfacer los requerimientos y deseos de nuestros clientes. Ya sea que busques una pieza \u00fanica para tu hogar o un conjunto funcional para un proyecto comercial, nuestro equipo de expertos est\u00e1 listo para transformar tus ideas en realidad.<\/p>\n\n\n\n<p>Utilizamos una amplia variedad de materiales de alta calidad, lo que nos permite ofrecer soluciones vers\u00e1tiles y est\u00e9ticamente atractivas. Nos aseguramos de que cada mueble no solo sea funcional, sino tambi\u00e9n una verdadera representaci\u00f3n de tu estilo personal.<\/p>\n\n\n\n<hr class=\"wp-block-separator has-alpha-channel-opacity is-style-wide\"\/>\n\n\n\n<figure class=\"wp-block-image aligncenter size-large\"><img loading=\"lazy\" decoding=\"async\" width=\"768\" height=\"1024\" src=\"https:\/\/borkgroup.cl\/wp-content\/uploads\/2024\/11\/WhatsApp-Image-2021-12-02-at-22.58.22-768x1024.jpeg\" alt=\"\" class=\"wp-image-786\" srcset=\"https:\/\/borkgroup.cl\/wp-content\/uploads\/2024\/11\/WhatsApp-Image-2021-12-02-at-22.58.22-768x1024.jpeg 768w, https:\/\/borkgroup.cl\/wp-content\/uploads\/2024\/11\/WhatsApp-Image-2021-12-02-at-22.58.22-225x300.jpeg 225w, https:\/\/borkgroup.cl\/wp-content\/uploads\/2024\/11\/WhatsApp-Image-2021-12-02-at-22.58.22.jpeg 780w\" sizes=\"auto, (max-width: 768px) 100vw, 768px\" \/><\/figure>\n\n\n\n<figure class=\"wp-block-image size-full is-resized\"><img loading=\"lazy\" decoding=\"async\" width=\"1024\" height=\"768\" src=\"https:\/\/borkgroup.cl\/wp-content\/uploads\/2024\/11\/WhatsApp-Image-2021-10-30-at-18.35.09.jpeg\" alt=\"\" class=\"wp-image-791\" style=\"width:902px;height:auto\" srcset=\"https:\/\/borkgroup.cl\/wp-content\/uploads\/2024\/11\/WhatsApp-Image-2021-10-30-at-18.35.09.jpeg 1024w, https:\/\/borkgroup.cl\/wp-content\/uploads\/2024\/11\/WhatsApp-Image-2021-10-30-at-18.35.09-300x225.jpeg 300w, https:\/\/borkgroup.cl\/wp-content\/uploads\/2024\/11\/WhatsApp-Image-2021-10-30-at-18.35.09-768x576.jpeg 768w\" sizes=\"auto, (max-width: 1024px) 100vw, 1024px\" \/><\/figure>\n\n\n\n<figure class=\"wp-block-image size-large is-resized\"><img loading=\"lazy\" decoding=\"async\" width=\"1024\" height=\"576\" src=\"https:\/\/borkgroup.cl\/wp-content\/uploads\/2024\/11\/WhatsApp-Image-2021-11-28-at-15.02.42-1-1024x576.jpeg\" alt=\"\" class=\"wp-image-788\" style=\"width:901px;height:auto\" srcset=\"https:\/\/borkgroup.cl\/wp-content\/uploads\/2024\/11\/WhatsApp-Image-2021-11-28-at-15.02.42-1-1024x576.jpeg 1024w, https:\/\/borkgroup.cl\/wp-content\/uploads\/2024\/11\/WhatsApp-Image-2021-11-28-at-15.02.42-1-300x169.jpeg 300w, https:\/\/borkgroup.cl\/wp-content\/uploads\/2024\/11\/WhatsApp-Image-2021-11-28-at-15.02.42-1-768x432.jpeg 768w, https:\/\/borkgroup.cl\/wp-content\/uploads\/2024\/11\/WhatsApp-Image-2021-11-28-at-15.02.42-1-1536x864.jpeg 1536w, https:\/\/borkgroup.cl\/wp-content\/uploads\/2024\/11\/WhatsApp-Image-2021-11-28-at-15.02.42-1.jpeg 1600w\" sizes=\"auto, (max-width: 1024px) 100vw, 1024px\" \/><\/figure>\n\n\n\n<figure class=\"wp-block-image size-large\"><img loading=\"lazy\" decoding=\"async\" width=\"1024\" height=\"576\" src=\"https:\/\/borkgroup.cl\/wp-content\/uploads\/2024\/11\/WhatsApp-Image-2021-11-28-at-15.02.42-2-1024x576.jpeg\" alt=\"\" class=\"wp-image-790\" srcset=\"https:\/\/borkgroup.cl\/wp-content\/uploads\/2024\/11\/WhatsApp-Image-2021-11-28-at-15.02.42-2-1024x576.jpeg 1024w, https:\/\/borkgroup.cl\/wp-content\/uploads\/2024\/11\/WhatsApp-Image-2021-11-28-at-15.02.42-2-300x169.jpeg 300w, https:\/\/borkgroup.cl\/wp-content\/uploads\/2024\/11\/WhatsApp-Image-2021-11-28-at-15.02.42-2-768x432.jpeg 768w, https:\/\/borkgroup.cl\/wp-content\/uploads\/2024\/11\/WhatsApp-Image-2021-11-28-at-15.02.42-2-1536x864.jpeg 1536w, https:\/\/borkgroup.cl\/wp-content\/uploads\/2024\/11\/WhatsApp-Image-2021-11-28-at-15.02.42-2.jpeg 1600w\" sizes=\"auto, (max-width: 1024px) 100vw, 1024px\" \/><\/figure>\n\n\n\n<figure class=\"wp-block-image size-large\"><img loading=\"lazy\" decoding=\"async\" width=\"1024\" height=\"576\" src=\"https:\/\/borkgroup.cl\/wp-content\/uploads\/2024\/11\/WhatsApp-Image-2021-11-28-at-15.02.42-1024x576.jpeg\" alt=\"\" class=\"wp-image-787\" srcset=\"https:\/\/borkgroup.cl\/wp-content\/uploads\/2024\/11\/WhatsApp-Image-2021-11-28-at-15.02.42-1024x576.jpeg 1024w, https:\/\/borkgroup.cl\/wp-content\/uploads\/2024\/11\/WhatsApp-Image-2021-11-28-at-15.02.42-300x169.jpeg 300w, https:\/\/borkgroup.cl\/wp-content\/uploads\/2024\/11\/WhatsApp-Image-2021-11-28-at-15.02.42-768x432.jpeg 768w, https:\/\/borkgroup.cl\/wp-content\/uploads\/2024\/11\/WhatsApp-Image-2021-11-28-at-15.02.42.jpeg 1280w\" sizes=\"auto, (max-width: 1024px) 100vw, 1024px\" \/><\/figure>\n","protected":false},"excerpt":{"rendered":"<p>Creamos muebles a medida que se adaptan perfectamente a tus necesidades y estilo de vida. [&hellip;]<\/p>\n","protected":false},"author":1,"featured_media":0,"parent":0,"menu_order":8,"comment_status":"closed","ping_status":"closed","template":"","meta":{"_joinchat":[],"footnotes":""},"class_list":["post-24","page","type-page","status-publish","hentry"],"_links":{"self":[{"href":"https:\/\/borkgroup.cl\/index.php\/wp-json\/wp\/v2\/pages\/24","targetHints":{"allow":["GET"]}}],"collection":[{"href":"https:\/\/borkgroup.cl\/index.php\/wp-json\/wp\/v2\/pages"}],"about":[{"href":"https:\/\/borkgroup.cl\/index.php\/wp-json\/wp\/v2\/types\/page"}],"author":[{"embeddable":true,"href":"https:\/\/borkgroup.cl\/index.php\/wp-json\/wp\/v2\/users\/1"}],"replies":[{"embeddable":true,"href":"https:\/\/borkgroup.cl\/index.php\/wp-json\/wp\/v2\/comments?post=24"}],"version-history":[{"count":7,"href":"https:\/\/borkgroup.cl\/index.php\/wp-json\/wp\/v2\/pages\/24\/revisions"}],"predecessor-version":[{"id":792,"href":"https:\/\/borkgroup.cl\/index.php\/wp-json\/wp\/v2\/pages\/24\/revisions\/792"}],"wp:attachment":[{"href":"https:\/\/borkgroup.cl\/index.php\/wp-json\/wp\/v2\/media?parent=24"}],"curies":[{"name":"wp","href":"https:\/\/api.w.org\/{rel}","templated":true}]}}