{"id":16,"date":"2022-03-23T02:31:57","date_gmt":"2022-03-23T02:31:57","guid":{"rendered":"https:\/\/borkgroup.cl\/?page_id=16"},"modified":"2024-11-05T16:19:44","modified_gmt":"2024-11-05T16:19:44","slug":"galeria","status":"publish","type":"page","link":"https:\/\/borkgroup.cl\/index.php\/galeria\/","title":{"rendered":"Dise\u00f1o"},"content":{"rendered":"\n<p>En BorkGroup, creemos que el dise\u00f1o es una poderosa herramienta para transformar espacios y mejorar la calidad de vida. Nuestro equipo de dise\u00f1adores y expertos trabaja en conjunto para crear ambientes que reflejen la personalidad de nuestros clientes y maximicen la funcionalidad de cada espacio. Desde residencias hasta espacios comerciales, cada proyecto es una oportunidad para innovar y destacar.<\/p>\n\n\n\n<figure class=\"wp-block-gallery has-nested-images columns-default is-cropped wp-block-gallery-1 is-layout-flex wp-block-gallery-is-layout-flex\">\n<figure class=\"wp-block-image size-large\"><img loading=\"lazy\" decoding=\"async\" width=\"1024\" height=\"683\" data-id=\"377\" src=\"https:\/\/borkgroup.cl\/wp-content\/uploads\/2023\/07\/DSC_0055-1024x683.jpg\" alt=\"\" class=\"wp-image-377\" srcset=\"https:\/\/borkgroup.cl\/wp-content\/uploads\/2023\/07\/DSC_0055-1024x683.jpg 1024w, https:\/\/borkgroup.cl\/wp-content\/uploads\/2023\/07\/DSC_0055-300x200.jpg 300w, https:\/\/borkgroup.cl\/wp-content\/uploads\/2023\/07\/DSC_0055-768x512.jpg 768w, https:\/\/borkgroup.cl\/wp-content\/uploads\/2023\/07\/DSC_0055-1536x1024.jpg 1536w, https:\/\/borkgroup.cl\/wp-content\/uploads\/2023\/07\/DSC_0055-2048x1365.jpg 2048w\" sizes=\"auto, (max-width: 1024px) 100vw, 1024px\" \/><\/figure>\n\n\n\n<figure class=\"wp-block-image size-large\"><img loading=\"lazy\" decoding=\"async\" width=\"713\" height=\"1024\" data-id=\"378\" src=\"https:\/\/borkgroup.cl\/wp-content\/uploads\/2023\/07\/pexels-rachel-claire-4992465-713x1024.jpg\" alt=\"\" class=\"wp-image-378\" srcset=\"https:\/\/borkgroup.cl\/wp-content\/uploads\/2023\/07\/pexels-rachel-claire-4992465-713x1024.jpg 713w, https:\/\/borkgroup.cl\/wp-content\/uploads\/2023\/07\/pexels-rachel-claire-4992465-209x300.jpg 209w, https:\/\/borkgroup.cl\/wp-content\/uploads\/2023\/07\/pexels-rachel-claire-4992465-768x1103.jpg 768w, https:\/\/borkgroup.cl\/wp-content\/uploads\/2023\/07\/pexels-rachel-claire-4992465-1069x1536.jpg 1069w, https:\/\/borkgroup.cl\/wp-content\/uploads\/2023\/07\/pexels-rachel-claire-4992465-1425x2048.jpg 1425w, https:\/\/borkgroup.cl\/wp-content\/uploads\/2023\/07\/pexels-rachel-claire-4992465-scaled.jpg 1782w\" sizes=\"auto, (max-width: 713px) 100vw, 713px\" \/><\/figure>\n\n\n\n<figure class=\"wp-block-image size-large\"><img loading=\"lazy\" decoding=\"async\" width=\"682\" height=\"1024\" data-id=\"379\" src=\"https:\/\/borkgroup.cl\/wp-content\/uploads\/2023\/07\/pexels-sarah-chai-7262999-682x1024.jpg\" alt=\"\" class=\"wp-image-379\" srcset=\"https:\/\/borkgroup.cl\/wp-content\/uploads\/2023\/07\/pexels-sarah-chai-7262999-682x1024.jpg 682w, https:\/\/borkgroup.cl\/wp-content\/uploads\/2023\/07\/pexels-sarah-chai-7262999-200x300.jpg 200w, https:\/\/borkgroup.cl\/wp-content\/uploads\/2023\/07\/pexels-sarah-chai-7262999-768x1153.jpg 768w, https:\/\/borkgroup.cl\/wp-content\/uploads\/2023\/07\/pexels-sarah-chai-7262999-1023x1536.jpg 1023w, https:\/\/borkgroup.cl\/wp-content\/uploads\/2023\/07\/pexels-sarah-chai-7262999-1365x2048.jpg 1365w, https:\/\/borkgroup.cl\/wp-content\/uploads\/2023\/07\/pexels-sarah-chai-7262999-scaled.jpg 1706w\" sizes=\"auto, (max-width: 682px) 100vw, 682px\" \/><\/figure>\n\n\n\n<figure class=\"wp-block-image size-large\"><img loading=\"lazy\" decoding=\"async\" width=\"678\" height=\"1024\" data-id=\"380\" src=\"https:\/\/borkgroup.cl\/wp-content\/uploads\/2023\/07\/pexels-skylar-kang-6370159-678x1024.jpg\" alt=\"\" class=\"wp-image-380\" srcset=\"https:\/\/borkgroup.cl\/wp-content\/uploads\/2023\/07\/pexels-skylar-kang-6370159-678x1024.jpg 678w, https:\/\/borkgroup.cl\/wp-content\/uploads\/2023\/07\/pexels-skylar-kang-6370159-199x300.jpg 199w, https:\/\/borkgroup.cl\/wp-content\/uploads\/2023\/07\/pexels-skylar-kang-6370159-768x1160.jpg 768w, https:\/\/borkgroup.cl\/wp-content\/uploads\/2023\/07\/pexels-skylar-kang-6370159-1017x1536.jpg 1017w, https:\/\/borkgroup.cl\/wp-content\/uploads\/2023\/07\/pexels-skylar-kang-6370159-1356x2048.jpg 1356w, https:\/\/borkgroup.cl\/wp-content\/uploads\/2023\/07\/pexels-skylar-kang-6370159-scaled.jpg 1696w\" sizes=\"auto, (max-width: 678px) 100vw, 678px\" \/><\/figure>\n\n\n\n<figure class=\"wp-block-image size-large\"><img loading=\"lazy\" decoding=\"async\" width=\"1024\" height=\"768\" data-id=\"381\" src=\"https:\/\/borkgroup.cl\/wp-content\/uploads\/2023\/07\/IMG_20220422_170432-1024x768.jpg\" alt=\"\" class=\"wp-image-381\" srcset=\"https:\/\/borkgroup.cl\/wp-content\/uploads\/2023\/07\/IMG_20220422_170432-1024x768.jpg 1024w, https:\/\/borkgroup.cl\/wp-content\/uploads\/2023\/07\/IMG_20220422_170432-300x225.jpg 300w, https:\/\/borkgroup.cl\/wp-content\/uploads\/2023\/07\/IMG_20220422_170432-768x576.jpg 768w, https:\/\/borkgroup.cl\/wp-content\/uploads\/2023\/07\/IMG_20220422_170432-1536x1152.jpg 1536w, https:\/\/borkgroup.cl\/wp-content\/uploads\/2023\/07\/IMG_20220422_170432-2048x1536.jpg 2048w\" sizes=\"auto, (max-width: 1024px) 100vw, 1024px\" \/><\/figure>\n\n\n\n<figure class=\"wp-block-image size-large\"><img loading=\"lazy\" decoding=\"async\" width=\"683\" height=\"1024\" data-id=\"382\" src=\"https:\/\/borkgroup.cl\/wp-content\/uploads\/2023\/07\/pexels-rene-asmussen-1358901-683x1024.jpg\" alt=\"\" class=\"wp-image-382\" srcset=\"https:\/\/borkgroup.cl\/wp-content\/uploads\/2023\/07\/pexels-rene-asmussen-1358901-683x1024.jpg 683w, https:\/\/borkgroup.cl\/wp-content\/uploads\/2023\/07\/pexels-rene-asmussen-1358901-200x300.jpg 200w, https:\/\/borkgroup.cl\/wp-content\/uploads\/2023\/07\/pexels-rene-asmussen-1358901-768x1152.jpg 768w, https:\/\/borkgroup.cl\/wp-content\/uploads\/2023\/07\/pexels-rene-asmussen-1358901-1024x1536.jpg 1024w, https:\/\/borkgroup.cl\/wp-content\/uploads\/2023\/07\/pexels-rene-asmussen-1358901-1365x2048.jpg 1365w, https:\/\/borkgroup.cl\/wp-content\/uploads\/2023\/07\/pexels-rene-asmussen-1358901-scaled.jpg 1707w\" sizes=\"auto, (max-width: 683px) 100vw, 683px\" \/><\/figure>\n\n\n\n<figure class=\"wp-block-image size-large\"><img loading=\"lazy\" decoding=\"async\" width=\"683\" height=\"1024\" data-id=\"383\" src=\"https:\/\/borkgroup.cl\/wp-content\/uploads\/2023\/07\/pexels-monstera-6781117-1-683x1024.jpg\" alt=\"\" class=\"wp-image-383\" srcset=\"https:\/\/borkgroup.cl\/wp-content\/uploads\/2023\/07\/pexels-monstera-6781117-1-683x1024.jpg 683w, https:\/\/borkgroup.cl\/wp-content\/uploads\/2023\/07\/pexels-monstera-6781117-1-200x300.jpg 200w, https:\/\/borkgroup.cl\/wp-content\/uploads\/2023\/07\/pexels-monstera-6781117-1-768x1152.jpg 768w, https:\/\/borkgroup.cl\/wp-content\/uploads\/2023\/07\/pexels-monstera-6781117-1-1024x1536.jpg 1024w, https:\/\/borkgroup.cl\/wp-content\/uploads\/2023\/07\/pexels-monstera-6781117-1-1365x2048.jpg 1365w, https:\/\/borkgroup.cl\/wp-content\/uploads\/2023\/07\/pexels-monstera-6781117-1-scaled.jpg 1707w\" sizes=\"auto, (max-width: 683px) 100vw, 683px\" \/><\/figure>\n\n\n\n<figure class=\"wp-block-image size-large\"><img loading=\"lazy\" decoding=\"async\" width=\"678\" height=\"1024\" data-id=\"384\" src=\"https:\/\/borkgroup.cl\/wp-content\/uploads\/2023\/07\/pexels-hakim-santoso-3634742-678x1024.jpg\" alt=\"\" class=\"wp-image-384\" srcset=\"https:\/\/borkgroup.cl\/wp-content\/uploads\/2023\/07\/pexels-hakim-santoso-3634742-678x1024.jpg 678w, https:\/\/borkgroup.cl\/wp-content\/uploads\/2023\/07\/pexels-hakim-santoso-3634742-199x300.jpg 199w, https:\/\/borkgroup.cl\/wp-content\/uploads\/2023\/07\/pexels-hakim-santoso-3634742-768x1160.jpg 768w, https:\/\/borkgroup.cl\/wp-content\/uploads\/2023\/07\/pexels-hakim-santoso-3634742-1017x1536.jpg 1017w, https:\/\/borkgroup.cl\/wp-content\/uploads\/2023\/07\/pexels-hakim-santoso-3634742-1356x2048.jpg 1356w, https:\/\/borkgroup.cl\/wp-content\/uploads\/2023\/07\/pexels-hakim-santoso-3634742-scaled.jpg 1696w\" sizes=\"auto, (max-width: 678px) 100vw, 678px\" \/><\/figure>\n\n\n\n<figure class=\"wp-block-image size-large\"><img loading=\"lazy\" decoding=\"async\" width=\"683\" height=\"1024\" data-id=\"385\" src=\"https:\/\/borkgroup.cl\/wp-content\/uploads\/2023\/07\/pexels-max-rahubovskiy-6284228-683x1024.jpg\" alt=\"\" class=\"wp-image-385\" srcset=\"https:\/\/borkgroup.cl\/wp-content\/uploads\/2023\/07\/pexels-max-rahubovskiy-6284228-683x1024.jpg 683w, https:\/\/borkgroup.cl\/wp-content\/uploads\/2023\/07\/pexels-max-rahubovskiy-6284228-200x300.jpg 200w, https:\/\/borkgroup.cl\/wp-content\/uploads\/2023\/07\/pexels-max-rahubovskiy-6284228-768x1152.jpg 768w, https:\/\/borkgroup.cl\/wp-content\/uploads\/2023\/07\/pexels-max-rahubovskiy-6284228-1024x1536.jpg 1024w, https:\/\/borkgroup.cl\/wp-content\/uploads\/2023\/07\/pexels-max-rahubovskiy-6284228-1365x2048.jpg 1365w, https:\/\/borkgroup.cl\/wp-content\/uploads\/2023\/07\/pexels-max-rahubovskiy-6284228-scaled.jpg 1707w\" sizes=\"auto, (max-width: 683px) 100vw, 683px\" \/><\/figure>\n<\/figure>\n\n\n\n<hr class=\"wp-block-separator has-alpha-channel-opacity is-style-wide\"\/>\n\n\n\n<h2 class=\"wp-block-heading\">Dise\u00f1o de Iluminaci\u00f3n<\/h2>\n\n\n\n<p>Creamos soluciones a medida que destacan las caracter\u00edsticas de cada ambiente y optimizan la eficiencia energ\u00e9tica. Utilizamos las \u00faltimas tendencias en tecnolog\u00eda de iluminaci\u00f3n, incluyendo LED y sistemas inteligentes, para ofrecer resultados sostenibles y de alta calidad. Aseguramos que cada proyecto de iluminaci\u00f3n complemente y realce el dise\u00f1o general del espacio.<\/p>\n\n\n\n<figure class=\"wp-block-gallery has-nested-images columns-default is-cropped wp-block-gallery-2 is-layout-flex wp-block-gallery-is-layout-flex\">\n<figure class=\"wp-block-image size-large\"><img loading=\"lazy\" decoding=\"async\" width=\"1024\" height=\"677\" data-id=\"762\" src=\"https:\/\/borkgroup.cl\/wp-content\/uploads\/2024\/11\/74439802_1381971495315287_8974510503464271872_n-1024x677.jpg\" alt=\"\" class=\"wp-image-762\" srcset=\"https:\/\/borkgroup.cl\/wp-content\/uploads\/2024\/11\/74439802_1381971495315287_8974510503464271872_n-1024x677.jpg 1024w, https:\/\/borkgroup.cl\/wp-content\/uploads\/2024\/11\/74439802_1381971495315287_8974510503464271872_n-300x198.jpg 300w, https:\/\/borkgroup.cl\/wp-content\/uploads\/2024\/11\/74439802_1381971495315287_8974510503464271872_n-768x508.jpg 768w, https:\/\/borkgroup.cl\/wp-content\/uploads\/2024\/11\/74439802_1381971495315287_8974510503464271872_n.jpg 1125w\" sizes=\"auto, (max-width: 1024px) 100vw, 1024px\" \/><\/figure>\n<\/figure>\n\n\n\n<figure class=\"wp-block-gallery has-nested-images columns-default is-cropped wp-block-gallery-3 is-layout-flex wp-block-gallery-is-layout-flex\">\n<figure class=\"wp-block-image size-large\"><img loading=\"lazy\" decoding=\"async\" width=\"960\" height=\"895\" data-id=\"782\" src=\"https:\/\/borkgroup.cl\/wp-content\/uploads\/2024\/11\/75521707_1381971558648614_7970644425820864512_n-1.jpg\" alt=\"\" class=\"wp-image-782\" srcset=\"https:\/\/borkgroup.cl\/wp-content\/uploads\/2024\/11\/75521707_1381971558648614_7970644425820864512_n-1.jpg 960w, https:\/\/borkgroup.cl\/wp-content\/uploads\/2024\/11\/75521707_1381971558648614_7970644425820864512_n-1-300x280.jpg 300w, https:\/\/borkgroup.cl\/wp-content\/uploads\/2024\/11\/75521707_1381971558648614_7970644425820864512_n-1-768x716.jpg 768w\" sizes=\"auto, (max-width: 960px) 100vw, 960px\" \/><\/figure>\n\n\n\n<figure class=\"wp-block-image size-large\"><img loading=\"lazy\" decoding=\"async\" width=\"1024\" height=\"1002\" data-id=\"781\" src=\"https:\/\/borkgroup.cl\/wp-content\/uploads\/2024\/11\/78044590_1381971591981944_145255759590981632_n-1-1024x1002.jpg\" alt=\"\" class=\"wp-image-781\" srcset=\"https:\/\/borkgroup.cl\/wp-content\/uploads\/2024\/11\/78044590_1381971591981944_145255759590981632_n-1-1024x1002.jpg 1024w, https:\/\/borkgroup.cl\/wp-content\/uploads\/2024\/11\/78044590_1381971591981944_145255759590981632_n-1-300x294.jpg 300w, https:\/\/borkgroup.cl\/wp-content\/uploads\/2024\/11\/78044590_1381971591981944_145255759590981632_n-1-768x752.jpg 768w, https:\/\/borkgroup.cl\/wp-content\/uploads\/2024\/11\/78044590_1381971591981944_145255759590981632_n-1.jpg 1125w\" sizes=\"auto, (max-width: 1024px) 100vw, 1024px\" \/><\/figure>\n<\/figure>\n\n\n\n<p>Con motivo de la ultima visita del tenista Roger Federer desarrollamos un proyecto de iluminaci\u00f3n de alto nivel siguiendo protocolo ATP Tour para su partido de exhibici\u00f3n en el Movistar Arena. La espectacularidad del evento fue realzada por un dise\u00f1o lum\u00ednico que cumpli\u00f3 con los m\u00e1s altos est\u00e1ndares internacionales, garantizando una experiencia visual incomparable tanto para el p\u00fablico presente como para los espectadores de la transmisi\u00f3n en vivo a trav\u00e9s del Canal Mega. \u00a1Un despliegue t\u00e9cnico a la altura de una leyenda del tenis mundial!<\/p>\n","protected":false},"excerpt":{"rendered":"<p>En BorkGroup, creemos que el dise\u00f1o es una poderosa herramienta para transformar espacios y mejorar [&hellip;]<\/p>\n","protected":false},"author":1,"featured_media":0,"parent":0,"menu_order":4,"comment_status":"closed","ping_status":"closed","template":"","meta":{"_joinchat":[],"footnotes":""},"class_list":["post-16","page","type-page","status-publish","hentry"],"_links":{"self":[{"href":"https:\/\/borkgroup.cl\/index.php\/wp-json\/wp\/v2\/pages\/16","targetHints":{"allow":["GET"]}}],"collection":[{"href":"https:\/\/borkgroup.cl\/index.php\/wp-json\/wp\/v2\/pages"}],"about":[{"href":"https:\/\/borkgroup.cl\/index.php\/wp-json\/wp\/v2\/types\/page"}],"author":[{"embeddable":true,"href":"https:\/\/borkgroup.cl\/index.php\/wp-json\/wp\/v2\/users\/1"}],"replies":[{"embeddable":true,"href":"https:\/\/borkgroup.cl\/index.php\/wp-json\/wp\/v2\/comments?post=16"}],"version-history":[{"count":11,"href":"https:\/\/borkgroup.cl\/index.php\/wp-json\/wp\/v2\/pages\/16\/revisions"}],"predecessor-version":[{"id":783,"href":"https:\/\/borkgroup.cl\/index.php\/wp-json\/wp\/v2\/pages\/16\/revisions\/783"}],"wp:attachment":[{"href":"https:\/\/borkgroup.cl\/index.php\/wp-json\/wp\/v2\/media?parent=16"}],"curies":[{"name":"wp","href":"https:\/\/api.w.org\/{rel}","templated":true}]}}